{"id":34,"date":"2019-07-10T15:21:30","date_gmt":"2019-07-10T15:21:30","guid":{"rendered":"http:\/\/busch-hausverwaltung.de\/?page_id=34"},"modified":"2020-09-12T03:08:08","modified_gmt":"2020-09-12T03:08:08","slug":"impressum","status":"publish","type":"page","link":"https:\/\/busch-hausverwaltung.de\/?page_id=34","title":{"rendered":"Impressum"},"content":{"rendered":"<h1>Busch &#8211; Hausverwaltung GmbH<\/h1>\n<p>Br\u00fcckenstra\u00dfe 39<br \/>\nD &#8211; 50996 K\u00f6ln<\/p>\n<table>\n<tbody>\n<tr>\n<td>Tel.:<\/td>\n<td>+49 221 \/ 95 79 84 76<\/td>\n<\/tr>\n<tr>\n<td>Fax:<\/td>\n<td>+49 221 \/ 95 79 84 78<\/td>\n<\/tr>\n<tr>\n<td>Mobil:<\/td>\n<td>+49 152 \/ 09 43 86 75<\/td>\n<\/tr>\n<\/tbody>\n<\/table>\n<p>E-Mail: <a href=\"mailto:info@busch-hausverwaltung.de\">info@busch-hausverwaltung.de<\/a><\/p>\n<p>Vertretungsberechtigte Person: Stefan Busch<br \/>\nGerichtsstand: Amtsgericht Bergisch Gladbach<br \/>\nSteuernummer: 204\/5052\/0817<br \/>\nVerantwortlich f\u00fcr den Inhalt: Stefan Busch<\/p>\n","protected":false},"excerpt":{"rendered":"<p>Busch &#8211; Hausverwaltung GmbH Br\u00fcckenstra\u00dfe 39 D &#8211; 50996 K\u00f6ln Tel.: +49 221 \/ 95 79 84 76 Fax: +49 221 \/ 95 79 84 78 Mobil: +49 152 \/ 09 43 86 75 E-Mail: info@busch-hausverwaltung.de Vertretungsberechtigte Person: Stefan Busch Gerichtsstand: Amtsgericht Bergisch Gladbach Steuernummer: 204\/5052\/0817 Verantwortlich f\u00fcr den Inhalt: Stefan Busch<\/p>\n","protected":false},"author":1,"featured_media":0,"parent":32,"menu_order":0,"comment_status":"closed","ping_status":"closed","template":"","meta":[],"_links":{"self":[{"href":"https:\/\/busch-hausverwaltung.de\/index.php?rest_route=\/wp\/v2\/pages\/34"}],"collection":[{"href":"https:\/\/busch-hausverwaltung.de\/index.php?rest_route=\/wp\/v2\/pages"}],"about":[{"href":"https:\/\/busch-hausverwaltung.de\/index.php?rest_route=\/wp\/v2\/types\/page"}],"author":[{"embeddable":true,"href":"https:\/\/busch-hausverwaltung.de\/index.php?rest_route=\/wp\/v2\/users\/1"}],"replies":[{"embeddable":true,"href":"https:\/\/busch-hausverwaltung.de\/index.php?rest_route=%2Fwp%2Fv2%2Fcomments&post=34"}],"version-history":[{"count":6,"href":"https:\/\/busch-hausverwaltung.de\/index.php?rest_route=\/wp\/v2\/pages\/34\/revisions"}],"predecessor-version":[{"id":118,"href":"https:\/\/busch-hausverwaltung.de\/index.php?rest_route=\/wp\/v2\/pages\/34\/revisions\/118"}],"up":[{"embeddable":true,"href":"https:\/\/busch-hausverwaltung.de\/index.php?rest_route=\/wp\/v2\/pages\/32"}],"wp:attachment":[{"href":"https:\/\/busch-hausverwaltung.de\/index.php?rest_route=%2Fwp%2Fv2%2Fmedia&parent=34"}],"curies":[{"name":"wp","href":"https:\/\/api.w.org\/{rel}","templated":true}]}}