{"id":32,"date":"2019-07-10T15:20:33","date_gmt":"2019-07-10T15:20:33","guid":{"rendered":"http:\/\/busch-hausverwaltung.de\/?page_id=32"},"modified":"2020-09-12T03:05:27","modified_gmt":"2020-09-12T03:05:27","slug":"kontakt","status":"publish","type":"page","link":"https:\/\/busch-hausverwaltung.de\/?page_id=32","title":{"rendered":"Kontakt"},"content":{"rendered":"<h1>Kontakt<\/h1>\n<p>Hausverwaltung Busch GmbH<br \/>\nBr\u00fcckenstra\u00dfe 39<br \/>\n50996 K\u00f6ln<br \/>\nE-Mail: <a href=\"mailto:info@busch-hausverwaltung.de\">info@busch-hausverwaltung.de<\/a><br \/>\nGesch\u00e4ftsf\u00fchrende Gesellschafter, Stefan Busch<\/p>\n<table>\n<tbody>\n<tr>\n<td>Tel.:<\/td>\n<td>+49 221 \/ 95 79 84 76<\/td>\n<\/tr>\n<tr>\n<td>Fax:<\/td>\n<td>+49 221 \/ 95 79 84 78<\/td>\n<\/tr>\n<tr>\n<td>Mobil:<\/td>\n<td>+49 152 \/ 09 43 86 75<\/td>\n<\/tr>\n<\/tbody>\n<\/table>\n<hr \/>\n<h4>Kontakt zu uns. Nutzen Sie einfach unser Kontaktformular.<\/h4>\n<p>[supsystic-form id=12]<\/p>\n","protected":false},"excerpt":{"rendered":"<p>Kontakt Hausverwaltung Busch GmbH Br\u00fcckenstra\u00dfe 39 50996 K\u00f6ln E-Mail: info@busch-hausverwaltung.de Gesch\u00e4ftsf\u00fchrende Gesellschafter, Stefan Busch Tel.: +49 221 \/ 95 79 84 76 Fax: +49 221 \/ 95 79 84 78 Mobil: +49 152 \/ 09 43 86 75 Kontakt zu uns. Nutzen Sie einfach unser Kontaktformular. [supsystic-form id=12]<\/p>\n","protected":false},"author":1,"featured_media":0,"parent":0,"menu_order":0,"comment_status":"closed","ping_status":"closed","template":"","meta":[],"_links":{"self":[{"href":"https:\/\/busch-hausverwaltung.de\/index.php?rest_route=\/wp\/v2\/pages\/32"}],"collection":[{"href":"https:\/\/busch-hausverwaltung.de\/index.php?rest_route=\/wp\/v2\/pages"}],"about":[{"href":"https:\/\/busch-hausverwaltung.de\/index.php?rest_route=\/wp\/v2\/types\/page"}],"author":[{"embeddable":true,"href":"https:\/\/busch-hausverwaltung.de\/index.php?rest_route=\/wp\/v2\/users\/1"}],"replies":[{"embeddable":true,"href":"https:\/\/busch-hausverwaltung.de\/index.php?rest_route=%2Fwp%2Fv2%2Fcomments&post=32"}],"version-history":[{"count":9,"href":"https:\/\/busch-hausverwaltung.de\/index.php?rest_route=\/wp\/v2\/pages\/32\/revisions"}],"predecessor-version":[{"id":116,"href":"https:\/\/busch-hausverwaltung.de\/index.php?rest_route=\/wp\/v2\/pages\/32\/revisions\/116"}],"wp:attachment":[{"href":"https:\/\/busch-hausverwaltung.de\/index.php?rest_route=%2Fwp%2Fv2%2Fmedia&parent=32"}],"curies":[{"name":"wp","href":"https:\/\/api.w.org\/{rel}","templated":true}]}}