{"id":30,"date":"2019-07-10T15:19:27","date_gmt":"2019-07-10T15:19:27","guid":{"rendered":"http:\/\/busch-hausverwaltung.de\/?page_id=30"},"modified":"2021-02-11T08:05:18","modified_gmt":"2021-02-11T08:05:18","slug":"verkauf","status":"publish","type":"page","link":"https:\/\/busch-hausverwaltung.de\/?page_id=30","title":{"rendered":"Verkauf"},"content":{"rendered":"<h1>Kompetenter Verkauf Ihrer Immobilie<\/h1>\n<p>Legen Sie den Verkauf Ihrer Immobilie in kompetente H\u00e4nde. Wir sind optimal geschult und \u00fcbernehmen alle anfallenden Arbeiten f\u00fcr Sie: Wir bewerben Ihre Immobilie gezielt und finden i.d.R. in kurzer Zeit den richtigen K\u00e4ufer. Wir treffen eine Vorauswahl der Interessenten, \u00fcberpr\u00fcfen die Zahlungsf\u00e4higkeit des Kaufinteressenten und holen gezielt Ausk\u00fcnfte ein. Wir f\u00fchren f\u00fcr Sie Vertragsverhandlungen und stehen Ihnen jederzeit beratend zur Seite. Auch nach Abschluss des Vertrages bleiben wir Ihr Ansprechpartner.<\/p>\n<p><strong>Wertermittlung und Gutachten<\/strong><\/p>\n<ul>\n<li>Bereits bei der Bewertung Ihrer Immobilie wird der Grundstein f\u00fcr einen erfolgreichen Verkauf gelegt. Wir kennen den Immobilienmarkt seit vielen Jahren und wissen, welcher Preis angemessen, realistisch und erzielbar ist. Wir ermitteln gerne den Wert Ihrer Immobilie.<\/li>\n<li>Nach Begutachtung Ihrer Immobilie stellen wir sicher, dass Ihre Immobilie ideal pr\u00e4sentiert und beworben wird.<\/li>\n<li>Wir sind sieben Tage in der Woche f\u00fcr Sie erreichbar! Montags bis freitags von 8:00 Uhr bis 18:30 Uhr und Sa.\/So. nach Vereinbarung.<\/li>\n<li>Wir sind uns unserer Verantwortung bewusst und tun alles f\u00fcr Ihren Erfolg.<\/li>\n<\/ul>\n","protected":false},"excerpt":{"rendered":"<p>Kompetenter Verkauf Ihrer Immobilie Legen Sie den Verkauf Ihrer Immobilie in kompetente H\u00e4nde. Wir sind optimal geschult und \u00fcbernehmen alle anfallenden Arbeiten f\u00fcr Sie: Wir bewerben Ihre Immobilie gezielt und finden i.d.R. in kurzer Zeit den richtigen K\u00e4ufer. Wir treffen eine Vorauswahl der Interessenten, \u00fcberpr\u00fcfen die Zahlungsf\u00e4higkeit des Kaufinteressenten und holen gezielt Ausk\u00fcnfte ein. Wir &#8230; <a title=\"Verkauf\" class=\"read-more\" href=\"https:\/\/busch-hausverwaltung.de\/?page_id=30\" aria-label=\"Mehr dazu unter Verkauf\">Weiterlesen<\/a><\/p>\n","protected":false},"author":1,"featured_media":0,"parent":0,"menu_order":0,"comment_status":"closed","ping_status":"closed","template":"","meta":[],"_links":{"self":[{"href":"https:\/\/busch-hausverwaltung.de\/index.php?rest_route=\/wp\/v2\/pages\/30"}],"collection":[{"href":"https:\/\/busch-hausverwaltung.de\/index.php?rest_route=\/wp\/v2\/pages"}],"about":[{"href":"https:\/\/busch-hausverwaltung.de\/index.php?rest_route=\/wp\/v2\/types\/page"}],"author":[{"embeddable":true,"href":"https:\/\/busch-hausverwaltung.de\/index.php?rest_route=\/wp\/v2\/users\/1"}],"replies":[{"embeddable":true,"href":"https:\/\/busch-hausverwaltung.de\/index.php?rest_route=%2Fwp%2Fv2%2Fcomments&post=30"}],"version-history":[{"count":4,"href":"https:\/\/busch-hausverwaltung.de\/index.php?rest_route=\/wp\/v2\/pages\/30\/revisions"}],"predecessor-version":[{"id":121,"href":"https:\/\/busch-hausverwaltung.de\/index.php?rest_route=\/wp\/v2\/pages\/30\/revisions\/121"}],"wp:attachment":[{"href":"https:\/\/busch-hausverwaltung.de\/index.php?rest_route=%2Fwp%2Fv2%2Fmedia&parent=30"}],"curies":[{"name":"wp","href":"https:\/\/api.w.org\/{rel}","templated":true}]}}