{"id":28,"date":"2019-07-10T15:18:39","date_gmt":"2019-07-10T15:18:39","guid":{"rendered":"http:\/\/busch-hausverwaltung.de\/?page_id=28"},"modified":"2019-07-11T08:59:08","modified_gmt":"2019-07-11T08:59:08","slug":"vermietung","status":"publish","type":"page","link":"https:\/\/busch-hausverwaltung.de\/?page_id=28","title":{"rendered":"Vermietung"},"content":{"rendered":"<h1>Vermietung<\/h1>\n<p>Wir kennen die Mietpreise, die \u00f6rtlichen Begebenheiten und sind st\u00e4ndig auf dem Laufenden in Bezug auf die aktuellsten Entwicklungen im Mietrecht. Ihre finanzielle Sicherheit steht bei uns an erster Stelle. Wir pr\u00fcfen alle potentiellen Mieter ausf\u00fchrlich auf ihre Bonit\u00e4t. Wir achten darauf, dass die Bruttomiete und das Nettoeinkommen in einem gesunden Verh\u00e4ltnis zueinander stehen. Wir besprechen mit Ihnen jeden einzelnen potentiellen Mieter ausf\u00fchrlich und beraten Sie gerne. Selbstverst\u00e4ndlich haben Sie als Vermieter letztendlich die Entscheidung, welchen Interessenten Sie als Mieter m\u00f6chten. Wir streben eine langfristige Zusammenarbeit an und stehen unseren Kunden auch nach erfolgter Vermittlung mit Rat und Tat zur Seite. Ob es um Mietpreisermittlung, um Renovierungsfragen oder um rechtliche Angelegenheiten geht, k\u00f6nnen Sie sich vertrauensvoll an uns wenden. So informieren wir Sie etwa eingehend \u00fcber den Zustand der zu vermietenden Immobilie und nehmen Besichtigungstermine mit Miet-Interessenten wahr.<\/p>\n<p>Wir verwenden ausschlie\u00dflich aktuellste juristisch einwandfreie Mietvertr\u00e4ge. Bei jedem Ein- und Auszug wird von uns ein ausf\u00fchrliches Abnahme- und \u00dcbergabeprotokoll erstellt, welche detailliert den Zustand des Objektes sowie alle Z\u00e4hlerst\u00e4nde enthalten.<\/p>\n<p>Von der Kontaktaufnahme bis zur Vertragsunterzeichnung sowie der \u00dcbergabe wickeln wir alles f\u00fcr Sie ab.<\/p>\n","protected":false},"excerpt":{"rendered":"<p>Vermietung Wir kennen die Mietpreise, die \u00f6rtlichen Begebenheiten und sind st\u00e4ndig auf dem Laufenden in Bezug auf die aktuellsten Entwicklungen im Mietrecht. Ihre finanzielle Sicherheit steht bei uns an erster Stelle. Wir pr\u00fcfen alle potentiellen Mieter ausf\u00fchrlich auf ihre Bonit\u00e4t. Wir achten darauf, dass die Bruttomiete und das Nettoeinkommen in einem gesunden Verh\u00e4ltnis zueinander stehen. &#8230; <a title=\"Vermietung\" class=\"read-more\" href=\"https:\/\/busch-hausverwaltung.de\/?page_id=28\" aria-label=\"Mehr dazu unter Vermietung\">Weiterlesen<\/a><\/p>\n","protected":false},"author":1,"featured_media":0,"parent":0,"menu_order":0,"comment_status":"closed","ping_status":"closed","template":"","meta":[],"_links":{"self":[{"href":"https:\/\/busch-hausverwaltung.de\/index.php?rest_route=\/wp\/v2\/pages\/28"}],"collection":[{"href":"https:\/\/busch-hausverwaltung.de\/index.php?rest_route=\/wp\/v2\/pages"}],"about":[{"href":"https:\/\/busch-hausverwaltung.de\/index.php?rest_route=\/wp\/v2\/types\/page"}],"author":[{"embeddable":true,"href":"https:\/\/busch-hausverwaltung.de\/index.php?rest_route=\/wp\/v2\/users\/1"}],"replies":[{"embeddable":true,"href":"https:\/\/busch-hausverwaltung.de\/index.php?rest_route=%2Fwp%2Fv2%2Fcomments&post=28"}],"version-history":[{"count":1,"href":"https:\/\/busch-hausverwaltung.de\/index.php?rest_route=\/wp\/v2\/pages\/28\/revisions"}],"predecessor-version":[{"id":29,"href":"https:\/\/busch-hausverwaltung.de\/index.php?rest_route=\/wp\/v2\/pages\/28\/revisions\/29"}],"wp:attachment":[{"href":"https:\/\/busch-hausverwaltung.de\/index.php?rest_route=%2Fwp%2Fv2%2Fmedia&parent=28"}],"curies":[{"name":"wp","href":"https:\/\/api.w.org\/{rel}","templated":true}]}}