{"id":26,"date":"2019-07-10T15:14:53","date_gmt":"2019-07-10T15:14:53","guid":{"rendered":"http:\/\/busch-hausverwaltung.de\/?page_id=26"},"modified":"2019-07-11T08:58:35","modified_gmt":"2019-07-11T08:58:35","slug":"sondereigentumsverwaltung","status":"publish","type":"page","link":"https:\/\/busch-hausverwaltung.de\/?page_id=26","title":{"rendered":"Sondereigentumsverwaltung"},"content":{"rendered":"<h1>Leistungen der Sondereigentumsverwaltung<\/h1>\n<h4>\n1. Kaufm\u00e4nnische Verwaltung<\/h4>\n<ul>\n<li>Auswahl von Mietinteressenten<\/li>\n<li>Erstellung von Mietvertr\u00e4gen<\/li>\n<li>\u00dcbergabe des Mietobjektes mit \u00dcbergabeprotokoll<\/li>\n<li>Mietinkasso und Geltendmachung aller Anspr\u00fcche, die dem Auftraggeber aus den Mietverh\u00e4ltnissen zustehen<\/li>\n<li>Verwaltung von Mietkautionen<\/li>\n<li>Mieterh\u00f6hungen nach Mietvertrag und gesetzlichen Bestimmungen<\/li>\n<li>Ermittlung der Heiz- und Warmwasserkosten nach der Heizkostenverordnung f\u00fcr den W\u00e4rmedienst<\/li>\n<li>Abrechnung s\u00e4mtlicher Betriebskosten mit den Mietern<\/li>\n<li>Gesamter Schriftverkehr mit den Mietern<\/li>\n<li>Pr\u00fcfung der K\u00fcndigung und K\u00fcndigungsbest\u00e4tigung<\/li>\n<li>Vorabnahme, Abnahme des Mietobjektes<\/li>\n<li>Abwicklung der notwendigen Instandsetzungsma\u00dfnahmen<\/li>\n<li>Kautionsabrechnung<\/li>\n<li>Gesamter Schriftverkehr mit Beh\u00f6rden<\/li>\n<li>Abwicklung von Schadensf\u00e4llen mit Versicherungsgesellschaften und Dritten<\/li>\n<li>Erstellung einer Gesamtabrechnung f\u00fcr den Eigent\u00fcmer und seinen Steuerberater<\/li>\n<\/ul>\n<h4>2. Technische Verwaltung<\/h4>\n<ul>\n<li>Laufende \u00dcberwachung des technischen Zustandes<\/li>\n<li>Vergabe und \u00dcberwachung aller notwendigen Reparaturen<\/li>\n<\/ul>\n<p>Kosten je Wohnungseinheit 17,00 \u20ac monatlich zzgl. Mehrwertsteuer<\/p>\n","protected":false},"excerpt":{"rendered":"<p>Leistungen der Sondereigentumsverwaltung 1. Kaufm\u00e4nnische Verwaltung Auswahl von Mietinteressenten Erstellung von Mietvertr\u00e4gen \u00dcbergabe des Mietobjektes mit \u00dcbergabeprotokoll Mietinkasso und Geltendmachung aller Anspr\u00fcche, die dem Auftraggeber aus den Mietverh\u00e4ltnissen zustehen Verwaltung von Mietkautionen Mieterh\u00f6hungen nach Mietvertrag und gesetzlichen Bestimmungen Ermittlung der Heiz- und Warmwasserkosten nach der Heizkostenverordnung f\u00fcr den W\u00e4rmedienst Abrechnung s\u00e4mtlicher Betriebskosten mit den Mietern &#8230; <a title=\"Sondereigentumsverwaltung\" class=\"read-more\" href=\"https:\/\/busch-hausverwaltung.de\/?page_id=26\" aria-label=\"Mehr dazu unter Sondereigentumsverwaltung\">Weiterlesen<\/a><\/p>\n","protected":false},"author":1,"featured_media":0,"parent":0,"menu_order":0,"comment_status":"closed","ping_status":"closed","template":"","meta":[],"_links":{"self":[{"href":"https:\/\/busch-hausverwaltung.de\/index.php?rest_route=\/wp\/v2\/pages\/26"}],"collection":[{"href":"https:\/\/busch-hausverwaltung.de\/index.php?rest_route=\/wp\/v2\/pages"}],"about":[{"href":"https:\/\/busch-hausverwaltung.de\/index.php?rest_route=\/wp\/v2\/types\/page"}],"author":[{"embeddable":true,"href":"https:\/\/busch-hausverwaltung.de\/index.php?rest_route=\/wp\/v2\/users\/1"}],"replies":[{"embeddable":true,"href":"https:\/\/busch-hausverwaltung.de\/index.php?rest_route=%2Fwp%2Fv2%2Fcomments&post=26"}],"version-history":[{"count":2,"href":"https:\/\/busch-hausverwaltung.de\/index.php?rest_route=\/wp\/v2\/pages\/26\/revisions"}],"predecessor-version":[{"id":69,"href":"https:\/\/busch-hausverwaltung.de\/index.php?rest_route=\/wp\/v2\/pages\/26\/revisions\/69"}],"wp:attachment":[{"href":"https:\/\/busch-hausverwaltung.de\/index.php?rest_route=%2Fwp%2Fv2%2Fmedia&parent=26"}],"curies":[{"name":"wp","href":"https:\/\/api.w.org\/{rel}","templated":true}]}}