{"id":2,"date":"2016-05-10T03:48:21","date_gmt":"2016-05-10T03:48:21","guid":{"rendered":"http:\/\/busch-hausverwaltung.de\/?page_id=2"},"modified":"2021-02-11T08:04:23","modified_gmt":"2021-02-11T08:04:23","slug":"sample-page","status":"publish","type":"page","link":"https:\/\/busch-hausverwaltung.de\/","title":{"rendered":"Startseite"},"content":{"rendered":"<div id=\"pl-2\"  class=\"panel-layout\" >\n<div id=\"pg-2-0\"  class=\"panel-grid panel-no-style\" >\n<div id=\"pgc-2-0-0\"  class=\"panel-grid-cell\"  data-weight=\"1\" >\n<div id=\"panel-2-0-0-0\" class=\"so-panel widget widget_sow-editor panel-first-child panel-last-child\" data-index=\"0\" data-style=\"{&quot;background_image_attachment&quot;:false,&quot;background_display&quot;:&quot;tile&quot;,&quot;iw-visible-screen&quot;:&quot;iw-all&quot;,&quot;iw-visible-layout&quot;:&quot;iw-all&quot;}\" >\n<div class=\"so-widget-sow-editor so-widget-sow-editor-base\">\n<div class=\"siteorigin-widget-tinymce textwidget\">\n<h1 style=\"text-align: center;\">Die Hausverwaltung Busch ist ein erfahrenes Immobilienunternehmen.<\/h1>\n<p style=\"text-align: center;\">Seit mehr als 10 Jahren sind wir im Immobilienmarkt t\u00e4tig. Dadurch verf\u00fcgen wir \u00fcber h\u00f6chste Kompetenz in allen Bereichen und einen gewachsenen Kundenstamm. Unser Verwaltungsschwerpunkt liegt in der Region K\u00f6ln, Bonn, Bergisch Gladbach und Umgebung. Profitieren Sie von unserer Erfahrung.<\/p>\n<\/div>\n<\/div>\n<\/div>\n<\/div>\n<\/div>\n<div id=\"pg-2-1\"  class=\"panel-grid panel-no-style\"  data-style=\"{&quot;background_image_attachment&quot;:false,&quot;background_display&quot;:&quot;tile&quot;,&quot;lsow_dark_bg&quot;:&quot;&quot;,&quot;cell_alignment&quot;:&quot;flex-start&quot;,&quot;iw-visible-screen&quot;:&quot;iw-all&quot;,&quot;iw-visible-layout&quot;:&quot;iw-all&quot;}\"  data-ratio=\"1\"  data-ratio-direction=\"right\" >\n<div id=\"pgc-2-1-0\"  class=\"panel-grid-cell panel-grid-cell-empty\"  data-weight=\"0.05\" ><\/div>\n<div id=\"pgc-2-1-1\"  class=\"panel-grid-cell panel-grid-cell-mobile-last\"  data-weight=\"0.9\" >\n<div id=\"panel-2-1-1-0\" class=\"so-panel widget widget_sow-editor panel-first-child panel-last-child\" data-index=\"1\" data-style=\"{&quot;background_image_attachment&quot;:false,&quot;background_display&quot;:&quot;tile&quot;,&quot;iw-visible-screen&quot;:&quot;iw-all&quot;,&quot;iw-visible-layout&quot;:&quot;iw-all&quot;}\" >\n<div class=\"so-widget-sow-editor so-widget-sow-editor-base\">\n<div class=\"siteorigin-widget-tinymce textwidget\">\n<p style=\"text-align: center;\"><div class=\"soliloquy-outer-container\" data-soliloquy-loaded=\"0\"><div aria-live=\"polite\" id=\"soliloquy-container-55\" class=\"soliloquy-container soliloquy-transition-fade soliloquy-fade  soliloquy-theme-base\" style=\"max-width:1092px;max-height:265px;margin:0 auto 20px;\"><ul id=\"soliloquy-55\" class=\"soliloquy-slider soliloquy-slides soliloquy-wrap soliloquy-clear\"><li aria-hidden=\"true\" class=\"soliloquy-item soliloquy-item-1 soliloquy-id-97 soliloquy-image-slide\" draggable=\"false\" style=\"list-style:none;\"><img id=\"soliloquy-image-97\" class=\"soliloquy-image soliloquy-image-1\" src=\"https:\/\/busch-hausverwaltung.de\/wp-content\/uploads\/2019\/07\/Busch-Hausversammlung-1.jpg\" alt=\"Busch Hausversammlung (1)\" \/><\/li><li aria-hidden=\"true\" class=\"soliloquy-item soliloquy-item-2 soliloquy-id-98 soliloquy-image-slide\" draggable=\"false\" style=\"list-style:none;\"><img id=\"soliloquy-image-98\" class=\"soliloquy-image soliloquy-image-2 soliloquy-preload\" src=\"https:\/\/busch-hausverwaltung.de\/wp-content\/plugins\/soliloquy\/assets\/css\/images\/holder.gif\" data-soliloquy-src=\"https:\/\/busch-hausverwaltung.de\/wp-content\/uploads\/2019\/07\/Busch-Hausversammlung-2.jpg\" alt=\"Busch Hausversammlung (2)\" \/><\/li><li aria-hidden=\"true\" class=\"soliloquy-item soliloquy-item-3 soliloquy-id-99 soliloquy-image-slide\" draggable=\"false\" style=\"list-style:none;\"><img id=\"soliloquy-image-99\" class=\"soliloquy-image soliloquy-image-3 soliloquy-preload\" src=\"https:\/\/busch-hausverwaltung.de\/wp-content\/plugins\/soliloquy\/assets\/css\/images\/holder.gif\" data-soliloquy-src=\"https:\/\/busch-hausverwaltung.de\/wp-content\/uploads\/2019\/07\/Busch-Hausversammlung-3.jpg\" alt=\"Busch Hausversammlung (3)\" \/><\/li><li aria-hidden=\"true\" class=\"soliloquy-item soliloquy-item-4 soliloquy-id-100 soliloquy-image-slide\" draggable=\"false\" style=\"list-style:none;\"><img id=\"soliloquy-image-100\" class=\"soliloquy-image soliloquy-image-4 soliloquy-preload\" src=\"https:\/\/busch-hausverwaltung.de\/wp-content\/plugins\/soliloquy\/assets\/css\/images\/holder.gif\" data-soliloquy-src=\"https:\/\/busch-hausverwaltung.de\/wp-content\/uploads\/2019\/07\/Busch-Hausversammlung-4.jpg\" alt=\"Busch Hausversammlung (4)\" \/><\/li><\/ul><\/div><noscript><style type=\"text\/css\" scoped>#soliloquy-container-55{opacity:1}#soliloquy-container-55 li > .soliloquy-caption{display:none}#soliloquy-container-55 li:first-child > .soliloquy-caption{display:block}<\/style><div class=\"soliloquy-no-js\" style=\"display:none;visibility:hidden;height:0;line-height:0;opacity:0;\"><img class=\"soliloquy-image soliloquy-no-js-image\" src=\"https:\/\/busch-hausverwaltung.de\/wp-content\/uploads\/2019\/07\/Busch-Hausversammlung-1.jpg\" alt=\"Busch Hausversammlung (1)\" \/><img class=\"soliloquy-image soliloquy-no-js-image\" src=\"https:\/\/busch-hausverwaltung.de\/wp-content\/uploads\/2019\/07\/Busch-Hausversammlung-2.jpg\" alt=\"Busch Hausversammlung (2)\" \/><img class=\"soliloquy-image soliloquy-no-js-image\" src=\"https:\/\/busch-hausverwaltung.de\/wp-content\/uploads\/2019\/07\/Busch-Hausversammlung-3.jpg\" alt=\"Busch Hausversammlung (3)\" \/><img class=\"soliloquy-image soliloquy-no-js-image\" src=\"https:\/\/busch-hausverwaltung.de\/wp-content\/uploads\/2019\/07\/Busch-Hausversammlung-4.jpg\" alt=\"Busch Hausversammlung (4)\" \/><\/div><\/noscript><\/div><\/p>\n<\/div>\n<\/div>\n<\/div>\n<\/div>\n<div id=\"pgc-2-1-2\"  class=\"panel-grid-cell panel-grid-cell-empty\"  data-weight=\"0.05\" ><\/div>\n<\/div>\n<\/div>\n","protected":false},"excerpt":{"rendered":"<p>Die Hausverwaltung Busch ist ein erfahrenes Immobilienunternehmen. Seit mehr als 10 Jahren sind wir im Immobilienmarkt t\u00e4tig. Dadurch verf\u00fcgen wir \u00fcber h\u00f6chste Kompetenz in allen Bereichen und einen gewachsenen Kundenstamm. Unser Verwaltungsschwerpunkt liegt in der Region K\u00f6ln, Bonn, Bergisch Gladbach und Umgebung. Profitieren Sie von unserer Erfahrung.<\/p>\n","protected":false},"author":1,"featured_media":0,"parent":0,"menu_order":0,"comment_status":"closed","ping_status":"open","template":"","meta":[],"_links":{"self":[{"href":"https:\/\/busch-hausverwaltung.de\/index.php?rest_route=\/wp\/v2\/pages\/2"}],"collection":[{"href":"https:\/\/busch-hausverwaltung.de\/index.php?rest_route=\/wp\/v2\/pages"}],"about":[{"href":"https:\/\/busch-hausverwaltung.de\/index.php?rest_route=\/wp\/v2\/types\/page"}],"author":[{"embeddable":true,"href":"https:\/\/busch-hausverwaltung.de\/index.php?rest_route=\/wp\/v2\/users\/1"}],"replies":[{"embeddable":true,"href":"https:\/\/busch-hausverwaltung.de\/index.php?rest_route=%2Fwp%2Fv2%2Fcomments&post=2"}],"version-history":[{"count":11,"href":"https:\/\/busch-hausverwaltung.de\/index.php?rest_route=\/wp\/v2\/pages\/2\/revisions"}],"predecessor-version":[{"id":120,"href":"https:\/\/busch-hausverwaltung.de\/index.php?rest_route=\/wp\/v2\/pages\/2\/revisions\/120"}],"wp:attachment":[{"href":"https:\/\/busch-hausverwaltung.de\/index.php?rest_route=%2Fwp%2Fv2%2Fmedia&parent=2"}],"curies":[{"name":"wp","href":"https:\/\/api.w.org\/{rel}","templated":true}]}}